{"id":5064,"date":"2025-03-09T18:23:19","date_gmt":"2025-03-09T18:23:19","guid":{"rendered":"https:\/\/gemeon.org\/?post_type=product&#038;p=5064"},"modified":"2025-09-08T13:21:56","modified_gmt":"2025-09-08T13:21:56","slug":"iv-jornada-gemeon","status":"publish","type":"product","link":"https:\/\/gemeon.org\/en\/producto\/iv-jornada-gemeon\/","title":{"rendered":"IV JORNADA GEMEON"},"content":{"rendered":"<p>El 1 de febrero de 2025 vivimos la IV Jornada GEMEON, una jornada llena de aprendizaje, intercambio y avances en medicina est\u00e9tica y oncolog\u00eda. Profesionales de distintos \u00e1mbitos compartieron su conocimiento y experiencia en un evento donde la ciencia y el bienestar del paciente fueron los protagonistas.<\/p>\n<p>\ud83c\udf1f Gracias a todos los ponentes, asistentes y a quienes nos siguieron online por hacer posible este encuentro \u00fanico. Ahora, tienes la oportunidad de revivir la Jornada de manera \u00edntegra desde donde t\u00fa quieras. <a href=\"https:\/\/gemeon.org\/wp-content\/uploads\/2025\/01\/PROGRAMA-IV-JORNADA-GEMEON-1-FEBRERO-2025.pdf\" target=\"_blank\" rel=\"noopener\"><strong>Puedes descargar el programa completo pinchando aqu\u00ed<\/strong><\/a>.<\/p>\n<p>\ud83d\udc99 Seguimos avanzando juntos para mejorar la calidad de vida de los pacientes oncol\u00f3gicos.<\/p>\n<h2>PROGRAMA<\/h2>\n<h3>MESA 1<\/h3>\n<p>&#8220;Actualizaci\u00f3n en Oncolog\u00eda de especial inter\u00e9s en Medicina Est\u00e9tica&#8221;<\/p>\n<p>\ud83d\udc69\u200d\u2695\ufe0f Moderada por las doctoras Raquel Benlloch y Rosario Ching, esta mesa abordar\u00e1 los \u00faltimos avances en oncolog\u00eda, esenciales para integrar la medicina est\u00e9tica en la atenci\u00f3n al paciente oncol\u00f3gico.<\/p>\n<p>\ud83c\udf99\ufe0f Ponencias y ponentes:<\/p>\n<p>&#8220;Inmunoterapia y terapias dirigidas&#8221; \u2013 Dra. Magda Palka<\/p>\n<p>&#8220;Plataformas gen\u00f3micas y c\u00e1ncer&#8221; \u2013 Dra. Bel\u00e9n P\u00e9rez M\u00edes<\/p>\n<p>&#8220;Diagn\u00f3stico hipertemprano&#8221; \u2013 Dra. Paloma Peinado<\/p>\n<p>&#8220;Tratamiento con Car-T, nueva esperanza para los pacientes&#8221; \u2013 Dra. Ana Alarc\u00f3n<\/p>\n<p>&#8220;Protonterapia y nuevas t\u00e9cnicas de radioterapia&#8221; \u2013 Dra. Paloma Sosa<\/p>\n<p>&nbsp;<\/p>\n<h3>MESA 2<\/h3>\n<p>&#8220;Principales t\u00e9cnicas de Medicina Est\u00e9tica: aplicaci\u00f3n en paciente oncol\u00f3gico&#8221;<\/p>\n<p>\ud83d\udc69\u200d\u2695\ufe0f Moderada por las doctoras Paloma Tejero y Marta Crespo, esta mesa explorar\u00e1 las t\u00e9cnicas m\u00e1s innovadoras de la medicina est\u00e9tica y su aplicaci\u00f3n en pacientes oncol\u00f3gicos, abordando su interacci\u00f3n con tratamientos m\u00e9dicos y su impacto en la calidad de vida.<\/p>\n<p>\ud83c\udf99\ufe0f Ponencias y ponentes:<\/p>\n<p>&#8211; &#8220;Interacci\u00f3n de los procedimientos de Medicina Est\u00e9tica con t\u00e9cnicas de imagen en el paciente oncol\u00f3gico&#8221; \u2013 Dra. Marjorie Garcerant.<\/p>\n<p>&#8211; &#8220;Toxina botul\u00ednica&#8221; \u2013 Dra. Ana Bel\u00e9n L\u00f3pez.<\/p>\n<p>&#8211; &#8220;Uso de fuentes de luz y EBD en el tratamiento de cicatrices en el paciente oncol\u00f3gico&#8221; \u2013 Dr. C\u00e9sar Arroyo.<\/p>\n<p>&nbsp;<\/p>\n<h3>MESA 3<\/h3>\n<p>&#8220;Cosmetolog\u00eda&#8221;<\/p>\n<p>\ud83d\udc69\u200d\u2695\ufe0f Moderada por la Dra. Sheila Mota y la Dra. M\u00aa Jos\u00e9 Fern\u00e1ndez, esta mesa se centrar\u00e1 en la importancia de la cosmetolog\u00eda en el cuidado de la piel del paciente oncol\u00f3gico, abordando desde los efectos secundarios de los tratamientos hasta el impacto de los disruptores endocrinos.<\/p>\n<p>\ud83c\udf99\ufe0f Ponencias y ponentes:<\/p>\n<p>&#8211; &#8220;Cosm\u00e9tica coadyuvante de efectos adversos de los tratamientos oncol\u00f3gicos&#8221; \u2013 Dra. Noelia Rodr\u00edguez Horcajo.<\/p>\n<p>&#8211; &#8220;Cosm\u00e9tica y disruptores endocrinos&#8221; \u2013 Dra. Sonia Almela.<\/p>\n<p>&#8211; &#8220;Funci\u00f3n barrera activada o alterada&#8221; \u2013 Dra. Mar\u00eda Vitale.<\/p>\n<p>&nbsp;<\/p>\n<h3>MESA 4<\/h3>\n<p>&#8220;Nutrici\u00f3n y m\u00e1s&#8221;<\/p>\n<p>\ud83d\udc69\u200d\u2695\ufe0f\ud83d\udc68\u200d\u2695\ufe0f Moderada por la Dra. Juana Deltell y el Dr. Carlos Vidurrizaga, esta mesa explorar\u00e1 la importancia de la nutrici\u00f3n, el ejercicio y terapias complementarias en la calidad de vida de los pacientes oncol\u00f3gicos.<\/p>\n<p>\ud83c\udf99\ufe0f Ponencias y ponentes:<\/p>\n<p>&#8211; &#8220;Ejercicio-deporte&#8221; \u2013 Dra. Isabel Luengo.<\/p>\n<p>&#8211; &#8220;Micoterapia en el paciente oncol\u00f3gico&#8221; \u2013 Dra. Pilar Lacosta.<\/p>\n<p>&#8211; &#8220;Nutriendo la salud&#8221; \u2013 Dra. Marta Barquilla.<\/p>\n<p>&nbsp;<\/p>\n<h3>MESA 5<\/h3>\n<p>&#8220;Mujer y C\u00e1ncer&#8221;<\/p>\n<p>\ud83d\udc69\u200d\u2695\ufe0f Moderada por la Dra. Margarita Esteban y la Dra. Margarita Mosquera, esta mesa abordar\u00e1 los retos y desaf\u00edos espec\u00edficos que enfrentan las mujeres en su lucha contra el c\u00e1ncer, explorando sus implicaciones m\u00e9dicas, est\u00e9ticas y funcionales.<\/p>\n<p>\ud83c\udf99\ufe0f Ponencias y ponentes:<\/p>\n<p>&#8211; &#8220;Mujer y c\u00e1ncer&#8221; \u2013 Dra. Lara Fern\u00e1ndez.<\/p>\n<p>&#8211; &#8220;C\u00e1ncer de pulm\u00f3n en la mujer&#8221; \u2013 Dra. Laura Guti\u00e9rrez.<\/p>\n<p>&#8211; &#8220;Preservaci\u00f3n de la fertilidad en ni\u00f1as y adolescentes&#8221; \u2013 Dra. Est\u00edbaliz Solorzano.<\/p>\n<p>&#8211; &#8220;Repercusi\u00f3n en el \u00e1mbito de la ginecolog\u00eda est\u00e9tica, reparadora y funcional de los procesos oncol\u00f3gicos&#8221; \u2013 Dra. Lorena Mu\u00f1oz.<\/p>\n<p>&nbsp;<\/p>\n<h3>MESA 6<\/h3>\n<p>&#8220;Hombre y C\u00e1ncer&#8221;<\/p>\n<p>\ud83d\udc69\u200d\u2695\ufe0f\ud83d\udc68\u200d\u2695\ufe0f Moderada por la Dra. Pilar Sanmart\u00edn y el Dr. Pedro Torrecillas, esta mesa profundizar\u00e1 en los desaf\u00edos espec\u00edficos que enfrentan los hombres en su lucha contra el c\u00e1ncer, abordando aspectos m\u00e9dicos y su impacto en la calidad de vida.<\/p>\n<p>\ud83c\udf99\ufe0f Ponencias y ponentes:<\/p>\n<p>&#8211; &#8220;Hombre y c\u00e1ncer&#8221; \u2013 Dr. Marcos Mart\u00ednez Cort\u00e9s.<\/p>\n<p>&#8211; &#8220;C\u00e1ncer de pr\u00f3stata. Repercusi\u00f3n en la calidad de vida de los pacientes&#8221; \u2013 Dr. Antonio Melchor.<\/p>\n<p>&#8211; &#8220;Implicaci\u00f3n del c\u00e1ncer maxilofacial en el var\u00f3n&#8221; \u2013 Dr. Quim Meg\u00edas<\/p>\n<p>&nbsp;<\/p>\n<h3>MESA 7<\/h3>\n<p>&#8220;Medicina regenerativa en el paciente oncol\u00f3gico&#8221;<\/p>\n<p>\ud83d\udc69\u200d\u2695\ufe0f Moderada por las doctoras M\u00aa Jos\u00e9 Barrera y Leticia Troyano, esta mesa abordar\u00e1 los avances m\u00e1s vanguardistas en medicina regenerativa, explorando su impacto en la recuperaci\u00f3n y calidad de vida de los pacientes oncol\u00f3gicos.<\/p>\n<p>\ud83c\udf99\ufe0f Ponencias y ponentes:<\/p>\n<p>&#8211; &#8220;PRP y exosomas y oncolog\u00eda&#8221; \u2013 Dr. Miguel \u00c1ngel Ortega.<\/p>\n<p>&#8211; &#8220;Reconstrucci\u00f3n en 3D en c\u00e1ncer facial&#8221; \u2013 Dr. Jos\u00e9 Luis Cebri\u00e1n.<\/p>\n<p>&#8211; &#8220;C\u00e9lulas madre&#8221; \u2013 Dra. Julia Buj\u00e1n.<\/p>\n<p>&nbsp;<\/p>\n<h2>INFORMACI\u00d3N LEGAL<\/h2>\n<p align=\"justify\"><span style=\"font-family: Calibri, serif;\">GEMEON se encuentra exonerado de cualquier responsabilidad por los da\u00f1os y perjuicios de toda naturaleza que puedan deberse a las manifestaciones realizadas por los ponentes y\/o participantes en estas jornadas. El declarante es el \u00fanico responsable de las manifestaciones falsas, inexactas, malsonantes o injuriosas, en su caso, realizadas y de los perjuicios que cause a GEMEON o a terceros por las declaraciones que realice. <\/span><\/p>\n<p align=\"justify\"><span style=\"font-family: Calibri, serif;\">Las ponencias y materiales proporcionados en este curso est\u00e1n destinados, exclusivamente, para fines de estudio y conocimiento personal y son de uso individual. <\/span><\/p>\n<p align=\"justify\"><span style=\"font-family: Calibri, serif;\">Est\u00e1 prohibido ceder las claves de acceso al curso a terceros. GEMEON les recuerda que no est\u00e1 permitido hacer grabaciones de las ponencias ni fotograf\u00edas de las diapositivas que presenten los ponentes, especialmente, cuando haya im\u00e1genes de pacientes. GEMEON vela por los derechos de propiedad intelectual y de imagen, honor e intimidad de ponentes y pacientes. <\/span><\/p>\n<p align=\"justify\"><span style=\"font-family: Calibri, serif;\">Si a pesar de lo dicho anteriormente GEMEON fuere sancionada podr\u00e1 repetir al ponente o asistente por los da\u00f1os y perjuicios que de dicha condena se deriven.<\/span><\/p>\n<p align=\"justify\"><span style=\"font-family: Calibri, serif;\">Queda estrictamente prohibido el uso, reproducci\u00f3n o distribuci\u00f3n de estos contenidos para cualquier prop\u00f3sito comercial, acad\u00e9mico o de divulgaci\u00f3n sin el consentimiento previo y por escrito de GEMEON. <\/span><\/p>\n<p align=\"justify\"><span style=\"font-family: Calibri, serif;\">El incumplimiento de estas obligaciones y prohibiciones puede derivar en acciones legales, en particular, aunque no de modo exclusivo, GEMEON podr\u00e1 reclamar al participante que emplee de forma inadecuada los cursos, por los da\u00f1os y perjuicios que puedan deberse a la vulneraci\u00f3n de los derechos de imagen y honor que afecten a terceros. <\/span><\/p>\n","protected":false},"excerpt":{"rendered":"<p>Retransmisi\u00f3n de la IV Jornada GEMEON, que tuvo lugar el 1 de Febrero de 2025 en la Universidad de Alcal\u00e1 de Henares, Madrid.<\/p>\n","protected":false},"featured_media":5065,"comment_status":"closed","ping_status":"closed","template":"","meta":[],"product_brand":[],"product_cat":[257],"product_tag":[],"class_list":{"0":"post-5064","1":"product","2":"type-product","3":"status-publish","4":"has-post-thumbnail","6":"product_cat-jornadas","8":"first","9":"instock","10":"shipping-taxable","11":"purchasable","12":"product-type-variable"},"yoast_head":"<!-- This site is optimized with the Yoast SEO plugin v27.3 - https:\/\/yoast.com\/product\/yoast-seo-wordpress\/ -->\n<title>IV Jornada GEMEON Online | GEMEON<\/title>\n<meta name=\"description\" content=\"Disfruta online de la IV Jornada GEMEON, que tuvo lugar el pasado 1 de Febrero en la Universidad de Alcal\u00e1 de Henares, Madrid.\" \/>\n<meta name=\"robots\" content=\"index, follow, max-snippet:-1, max-image-preview:large, max-video-preview:-1\" \/>\n<link rel=\"canonical\" href=\"https:\/\/gemeon.org\/producto\/iv-jornada-gemeon\/\" \/>\n<meta property=\"og:locale\" content=\"en_US\" \/>\n<meta property=\"og:type\" content=\"article\" \/>\n<meta property=\"og:title\" content=\"IV Jornada GEMEON Online | GEMEON\" \/>\n<meta property=\"og:description\" content=\"Disfruta online de la IV Jornada GEMEON, que tuvo lugar el pasado 1 de Febrero en la Universidad de Alcal\u00e1 de Henares, Madrid.\" \/>\n<meta property=\"og:url\" content=\"https:\/\/gemeon.org\/producto\/iv-jornada-gemeon\/\" \/>\n<meta property=\"og:site_name\" content=\"GEMEON\" \/>\n<meta property=\"article:modified_time\" content=\"2025-09-08T13:21:56+00:00\" \/>\n<meta property=\"og:image\" content=\"https:\/\/gemeon.org\/wp-content\/uploads\/2025\/03\/IV-Jornada-GEMEON-online.jpg\" \/>\n\t<meta property=\"og:image:width\" content=\"1080\" \/>\n\t<meta property=\"og:image:height\" content=\"1350\" \/>\n\t<meta property=\"og:image:type\" content=\"image\/jpeg\" \/>\n<meta name=\"twitter:card\" content=\"summary_large_image\" \/>\n<meta name=\"twitter:label1\" content=\"Est. reading time\" \/>\n\t<meta name=\"twitter:data1\" content=\"5 minutes\" \/>\n<script type=\"application\/ld+json\" class=\"yoast-schema-graph\">{\"@context\":\"https:\\\/\\\/schema.org\",\"@graph\":[{\"@type\":\"WebPage\",\"@id\":\"https:\\\/\\\/gemeon.org\\\/producto\\\/iv-jornada-gemeon\\\/\",\"url\":\"https:\\\/\\\/gemeon.org\\\/producto\\\/iv-jornada-gemeon\\\/\",\"name\":\"IV Jornada GEMEON Online | GEMEON\",\"isPartOf\":{\"@id\":\"https:\\\/\\\/gemeon.org\\\/#website\"},\"primaryImageOfPage\":{\"@id\":\"https:\\\/\\\/gemeon.org\\\/producto\\\/iv-jornada-gemeon\\\/#primaryimage\"},\"image\":{\"@id\":\"https:\\\/\\\/gemeon.org\\\/producto\\\/iv-jornada-gemeon\\\/#primaryimage\"},\"thumbnailUrl\":\"https:\\\/\\\/gemeon.org\\\/wp-content\\\/uploads\\\/2025\\\/03\\\/IV-Jornada-GEMEON-online.jpg\",\"datePublished\":\"2025-03-09T18:23:19+00:00\",\"dateModified\":\"2025-09-08T13:21:56+00:00\",\"description\":\"Disfruta online de la IV Jornada GEMEON, que tuvo lugar el pasado 1 de Febrero en la Universidad de Alcal\u00e1 de Henares, Madrid.\",\"breadcrumb\":{\"@id\":\"https:\\\/\\\/gemeon.org\\\/producto\\\/iv-jornada-gemeon\\\/#breadcrumb\"},\"inLanguage\":\"en-US\",\"potentialAction\":[{\"@type\":\"ReadAction\",\"target\":[\"https:\\\/\\\/gemeon.org\\\/producto\\\/iv-jornada-gemeon\\\/\"]}]},{\"@type\":\"ImageObject\",\"inLanguage\":\"en-US\",\"@id\":\"https:\\\/\\\/gemeon.org\\\/producto\\\/iv-jornada-gemeon\\\/#primaryimage\",\"url\":\"https:\\\/\\\/gemeon.org\\\/wp-content\\\/uploads\\\/2025\\\/03\\\/IV-Jornada-GEMEON-online.jpg\",\"contentUrl\":\"https:\\\/\\\/gemeon.org\\\/wp-content\\\/uploads\\\/2025\\\/03\\\/IV-Jornada-GEMEON-online.jpg\",\"width\":1080,\"height\":1350,\"caption\":\"IV Jornada GEMEON online\"},{\"@type\":\"BreadcrumbList\",\"@id\":\"https:\\\/\\\/gemeon.org\\\/producto\\\/iv-jornada-gemeon\\\/#breadcrumb\",\"itemListElement\":[{\"@type\":\"ListItem\",\"position\":1,\"name\":\"Portada\",\"item\":\"https:\\\/\\\/gemeon.org\\\/\"},{\"@type\":\"ListItem\",\"position\":2,\"name\":\"Tienda online\",\"item\":\"https:\\\/\\\/gemeon.org\\\/tienda-online\\\/\"},{\"@type\":\"ListItem\",\"position\":3,\"name\":\"IV JORNADA GEMEON\"}]},{\"@type\":\"WebSite\",\"@id\":\"https:\\\/\\\/gemeon.org\\\/#website\",\"url\":\"https:\\\/\\\/gemeon.org\\\/\",\"name\":\"GEMEON\",\"description\":\"Grupo Experto en Medicina Est\u00e9tica Oncol\u00f3gica\",\"potentialAction\":[{\"@type\":\"SearchAction\",\"target\":{\"@type\":\"EntryPoint\",\"urlTemplate\":\"https:\\\/\\\/gemeon.org\\\/?s={search_term_string}\"},\"query-input\":{\"@type\":\"PropertyValueSpecification\",\"valueRequired\":true,\"valueName\":\"search_term_string\"}}],\"inLanguage\":\"en-US\"}]}<\/script>\n<!-- \/ Yoast SEO plugin. -->","yoast_head_json":{"title":"IV Jornada GEMEON Online | GEMEON","description":"Disfruta online de la IV Jornada GEMEON, que tuvo lugar el pasado 1 de Febrero en la Universidad de Alcal\u00e1 de Henares, Madrid.","robots":{"index":"index","follow":"follow","max-snippet":"max-snippet:-1","max-image-preview":"max-image-preview:large","max-video-preview":"max-video-preview:-1"},"canonical":"https:\/\/gemeon.org\/producto\/iv-jornada-gemeon\/","og_locale":"en_US","og_type":"article","og_title":"IV Jornada GEMEON Online | GEMEON","og_description":"Disfruta online de la IV Jornada GEMEON, que tuvo lugar el pasado 1 de Febrero en la Universidad de Alcal\u00e1 de Henares, Madrid.","og_url":"https:\/\/gemeon.org\/producto\/iv-jornada-gemeon\/","og_site_name":"GEMEON","article_modified_time":"2025-09-08T13:21:56+00:00","og_image":[{"width":1080,"height":1350,"url":"https:\/\/gemeon.org\/wp-content\/uploads\/2025\/03\/IV-Jornada-GEMEON-online.jpg","type":"image\/jpeg"}],"twitter_card":"summary_large_image","twitter_misc":{"Est. reading time":"5 minutes"},"schema":{"@context":"https:\/\/schema.org","@graph":[{"@type":"WebPage","@id":"https:\/\/gemeon.org\/producto\/iv-jornada-gemeon\/","url":"https:\/\/gemeon.org\/producto\/iv-jornada-gemeon\/","name":"IV Jornada GEMEON Online | GEMEON","isPartOf":{"@id":"https:\/\/gemeon.org\/#website"},"primaryImageOfPage":{"@id":"https:\/\/gemeon.org\/producto\/iv-jornada-gemeon\/#primaryimage"},"image":{"@id":"https:\/\/gemeon.org\/producto\/iv-jornada-gemeon\/#primaryimage"},"thumbnailUrl":"https:\/\/gemeon.org\/wp-content\/uploads\/2025\/03\/IV-Jornada-GEMEON-online.jpg","datePublished":"2025-03-09T18:23:19+00:00","dateModified":"2025-09-08T13:21:56+00:00","description":"Disfruta online de la IV Jornada GEMEON, que tuvo lugar el pasado 1 de Febrero en la Universidad de Alcal\u00e1 de Henares, Madrid.","breadcrumb":{"@id":"https:\/\/gemeon.org\/producto\/iv-jornada-gemeon\/#breadcrumb"},"inLanguage":"en-US","potentialAction":[{"@type":"ReadAction","target":["https:\/\/gemeon.org\/producto\/iv-jornada-gemeon\/"]}]},{"@type":"ImageObject","inLanguage":"en-US","@id":"https:\/\/gemeon.org\/producto\/iv-jornada-gemeon\/#primaryimage","url":"https:\/\/gemeon.org\/wp-content\/uploads\/2025\/03\/IV-Jornada-GEMEON-online.jpg","contentUrl":"https:\/\/gemeon.org\/wp-content\/uploads\/2025\/03\/IV-Jornada-GEMEON-online.jpg","width":1080,"height":1350,"caption":"IV Jornada GEMEON online"},{"@type":"BreadcrumbList","@id":"https:\/\/gemeon.org\/producto\/iv-jornada-gemeon\/#breadcrumb","itemListElement":[{"@type":"ListItem","position":1,"name":"Portada","item":"https:\/\/gemeon.org\/"},{"@type":"ListItem","position":2,"name":"Tienda online","item":"https:\/\/gemeon.org\/tienda-online\/"},{"@type":"ListItem","position":3,"name":"IV JORNADA GEMEON"}]},{"@type":"WebSite","@id":"https:\/\/gemeon.org\/#website","url":"https:\/\/gemeon.org\/","name":"GEMEON","description":"Grupo Experto en Medicina Est\u00e9tica Oncol\u00f3gica","potentialAction":[{"@type":"SearchAction","target":{"@type":"EntryPoint","urlTemplate":"https:\/\/gemeon.org\/?s={search_term_string}"},"query-input":{"@type":"PropertyValueSpecification","valueRequired":true,"valueName":"search_term_string"}}],"inLanguage":"en-US"}]}},"_links":{"self":[{"href":"https:\/\/gemeon.org\/en\/wp-json\/wp\/v2\/product\/5064","targetHints":{"allow":["GET"]}}],"collection":[{"href":"https:\/\/gemeon.org\/en\/wp-json\/wp\/v2\/product"}],"about":[{"href":"https:\/\/gemeon.org\/en\/wp-json\/wp\/v2\/types\/product"}],"replies":[{"embeddable":true,"href":"https:\/\/gemeon.org\/en\/wp-json\/wp\/v2\/comments?post=5064"}],"wp:featuredmedia":[{"embeddable":true,"href":"https:\/\/gemeon.org\/en\/wp-json\/wp\/v2\/media\/5065"}],"wp:attachment":[{"href":"https:\/\/gemeon.org\/en\/wp-json\/wp\/v2\/media?parent=5064"}],"wp:term":[{"taxonomy":"product_brand","embeddable":true,"href":"https:\/\/gemeon.org\/en\/wp-json\/wp\/v2\/product_brand?post=5064"},{"taxonomy":"product_cat","embeddable":true,"href":"https:\/\/gemeon.org\/en\/wp-json\/wp\/v2\/product_cat?post=5064"},{"taxonomy":"product_tag","embeddable":true,"href":"https:\/\/gemeon.org\/en\/wp-json\/wp\/v2\/product_tag?post=5064"}],"curies":[{"name":"wp","href":"https:\/\/api.w.org\/{rel}","templated":true}]}}