{"id":5328,"date":"2025-07-18T08:52:31","date_gmt":"2025-07-18T08:52:31","guid":{"rendered":"https:\/\/gemeon.org\/?post_type=product&#038;p=5328"},"modified":"2025-07-18T08:56:57","modified_gmt":"2025-07-18T08:56:57","slug":"cuota-de-afiliacion-a-gemeon","status":"publish","type":"product","link":"https:\/\/gemeon.org\/en\/producto\/cuota-de-afiliacion-a-gemeon\/","title":{"rendered":"Cuota de afiliaci\u00f3n a GEMEON"},"content":{"rendered":"<h2 data-start=\"622\" data-end=\"803\">Cuota de afiliaci\u00f3n a GEMEON<\/h2>\n<p data-start=\"622\" data-end=\"803\">Este producto est\u00e1 destinado exclusivamente a profesionales que hayan sido aceptados como miembros de GEMEON tras completar el proceso de admisi\u00f3n.<\/p>\n<p data-start=\"805\" data-end=\"1007\"><strong data-start=\"805\" data-end=\"834\">Requisitos de afiliaci\u00f3n:<\/strong><\/p>\n<p data-start=\"805\" data-end=\"1007\"><br data-start=\"834\" data-end=\"837\" \/>\u2714\ufe0f Titulaci\u00f3n en Medicina (Licenciatura o Grado).<br data-start=\"886\" data-end=\"889\" \/>\u2714\ufe0f Aval de dos miembros activos de GEMEON.<br data-start=\"931\" data-end=\"934\" \/>\u2714\ufe0f Superaci\u00f3n del proceso de admisi\u00f3n establecido por la Junta Directiva.<\/p>\n<p data-start=\"1009\" data-end=\"1157\">Una vez aceptado, podr\u00e1s abonar tu <strong>cuota de afiliaci\u00f3n a GEMEON<\/strong>\u00a0a trav\u00e9s de esta plataforma, con total comodidad mediante <strong data-start=\"1127\" data-end=\"1156\">tarjeta bancaria o PayPal<\/strong>.<\/p>\n<p data-start=\"1159\" data-end=\"1330\">Si a\u00fan no has iniciado el proceso de solicitud, puedes encontrar toda la informaci\u00f3n detallada aqu\u00ed: <a class=\"\" href=\"https:\/\/gemeon.org\/profesionales\/\" target=\"_new\" rel=\"noopener\" data-start=\"1260\" data-end=\"1330\">https:\/\/gemeon.org\/profesionales\/<\/a><\/p>\n","protected":false},"excerpt":{"rendered":"<p>Para completar tu afiliaci\u00f3n a GEMEON es imprescindible ser licenciado\/a en Medicina, contar con el aval de dos miembros y haber superado el proceso de admisi\u00f3n. Si ya has sido aceptado, puedes abonar aqu\u00ed tu cuota de afiliaci\u00f3n.<\/p>\n","protected":false},"featured_media":5332,"comment_status":"closed","ping_status":"closed","template":"","meta":[],"product_brand":[],"product_cat":[258],"product_tag":[],"class_list":{"0":"post-5328","1":"product","2":"type-product","3":"status-publish","4":"has-post-thumbnail","6":"product_cat-asociacion","8":"first","9":"instock","10":"shipping-taxable","11":"purchasable","12":"product-type-simple"},"yoast_head":"<!-- This site is optimized with the Yoast SEO plugin v27.3 - https:\/\/yoast.com\/product\/yoast-seo-wordpress\/ -->\n<title>Cuota de afiliaci\u00f3n a GEMEON | Medicina Est\u00e9tica Oncol\u00f3gica<\/title>\n<meta name=\"description\" content=\"Puedes abonar mediante Paypal o tarjeta de cr\u00e9dito tu Cuota de afiliaci\u00f3n a GEMEON. Recuerda que debes tener el aval de dos miembros de la asociaci\u00f3n.\" \/>\n<meta name=\"robots\" content=\"index, follow, max-snippet:-1, max-image-preview:large, max-video-preview:-1\" \/>\n<link rel=\"canonical\" href=\"https:\/\/gemeon.org\/producto\/cuota-de-afiliacion-a-gemeon\/\" \/>\n<meta property=\"og:locale\" content=\"en_US\" \/>\n<meta property=\"og:type\" content=\"article\" \/>\n<meta property=\"og:title\" content=\"Cuota de afiliaci\u00f3n a GEMEON | Medicina Est\u00e9tica Oncol\u00f3gica\" \/>\n<meta property=\"og:description\" content=\"Puedes abonar mediante Paypal o tarjeta de cr\u00e9dito tu Cuota de afiliaci\u00f3n a GEMEON. Recuerda que debes tener el aval de dos miembros de la asociaci\u00f3n.\" \/>\n<meta property=\"og:url\" content=\"https:\/\/gemeon.org\/producto\/cuota-de-afiliacion-a-gemeon\/\" \/>\n<meta property=\"og:site_name\" content=\"GEMEON\" \/>\n<meta property=\"article:modified_time\" content=\"2025-07-18T08:56:57+00:00\" \/>\n<meta property=\"og:image\" content=\"https:\/\/gemeon.org\/wp-content\/uploads\/2025\/07\/Cuota-de-afiliacion-a-GEMEON.png\" \/>\n\t<meta property=\"og:image:width\" content=\"800\" \/>\n\t<meta property=\"og:image:height\" content=\"800\" \/>\n\t<meta property=\"og:image:type\" content=\"image\/png\" \/>\n<meta name=\"twitter:card\" content=\"summary_large_image\" \/>\n<meta name=\"twitter:label1\" content=\"Est. reading time\" \/>\n\t<meta name=\"twitter:data1\" content=\"1 minute\" \/>\n<script type=\"application\/ld+json\" class=\"yoast-schema-graph\">{\"@context\":\"https:\\\/\\\/schema.org\",\"@graph\":[{\"@type\":\"WebPage\",\"@id\":\"https:\\\/\\\/gemeon.org\\\/producto\\\/cuota-de-afiliacion-a-gemeon\\\/\",\"url\":\"https:\\\/\\\/gemeon.org\\\/producto\\\/cuota-de-afiliacion-a-gemeon\\\/\",\"name\":\"Cuota de afiliaci\u00f3n a GEMEON | Medicina Est\u00e9tica Oncol\u00f3gica\",\"isPartOf\":{\"@id\":\"https:\\\/\\\/gemeon.org\\\/#website\"},\"primaryImageOfPage\":{\"@id\":\"https:\\\/\\\/gemeon.org\\\/producto\\\/cuota-de-afiliacion-a-gemeon\\\/#primaryimage\"},\"image\":{\"@id\":\"https:\\\/\\\/gemeon.org\\\/producto\\\/cuota-de-afiliacion-a-gemeon\\\/#primaryimage\"},\"thumbnailUrl\":\"https:\\\/\\\/gemeon.org\\\/wp-content\\\/uploads\\\/2025\\\/07\\\/Cuota-de-afiliacion-a-GEMEON.png\",\"datePublished\":\"2025-07-18T08:52:31+00:00\",\"dateModified\":\"2025-07-18T08:56:57+00:00\",\"description\":\"Puedes abonar mediante Paypal o tarjeta de cr\u00e9dito tu Cuota de afiliaci\u00f3n a GEMEON. Recuerda que debes tener el aval de dos miembros de la asociaci\u00f3n.\",\"breadcrumb\":{\"@id\":\"https:\\\/\\\/gemeon.org\\\/producto\\\/cuota-de-afiliacion-a-gemeon\\\/#breadcrumb\"},\"inLanguage\":\"en-US\",\"potentialAction\":[{\"@type\":\"ReadAction\",\"target\":[\"https:\\\/\\\/gemeon.org\\\/producto\\\/cuota-de-afiliacion-a-gemeon\\\/\"]}]},{\"@type\":\"ImageObject\",\"inLanguage\":\"en-US\",\"@id\":\"https:\\\/\\\/gemeon.org\\\/producto\\\/cuota-de-afiliacion-a-gemeon\\\/#primaryimage\",\"url\":\"https:\\\/\\\/gemeon.org\\\/wp-content\\\/uploads\\\/2025\\\/07\\\/Cuota-de-afiliacion-a-GEMEON.png\",\"contentUrl\":\"https:\\\/\\\/gemeon.org\\\/wp-content\\\/uploads\\\/2025\\\/07\\\/Cuota-de-afiliacion-a-GEMEON.png\",\"width\":800,\"height\":800,\"caption\":\"Cuota de afiliaci\u00f3n a GEMEON\"},{\"@type\":\"BreadcrumbList\",\"@id\":\"https:\\\/\\\/gemeon.org\\\/producto\\\/cuota-de-afiliacion-a-gemeon\\\/#breadcrumb\",\"itemListElement\":[{\"@type\":\"ListItem\",\"position\":1,\"name\":\"Portada\",\"item\":\"https:\\\/\\\/gemeon.org\\\/\"},{\"@type\":\"ListItem\",\"position\":2,\"name\":\"Tienda online\",\"item\":\"https:\\\/\\\/gemeon.org\\\/tienda-online\\\/\"},{\"@type\":\"ListItem\",\"position\":3,\"name\":\"Cuota de afiliaci\u00f3n a GEMEON\"}]},{\"@type\":\"WebSite\",\"@id\":\"https:\\\/\\\/gemeon.org\\\/#website\",\"url\":\"https:\\\/\\\/gemeon.org\\\/\",\"name\":\"GEMEON\",\"description\":\"Grupo Experto en Medicina Est\u00e9tica Oncol\u00f3gica\",\"potentialAction\":[{\"@type\":\"SearchAction\",\"target\":{\"@type\":\"EntryPoint\",\"urlTemplate\":\"https:\\\/\\\/gemeon.org\\\/?s={search_term_string}\"},\"query-input\":{\"@type\":\"PropertyValueSpecification\",\"valueRequired\":true,\"valueName\":\"search_term_string\"}}],\"inLanguage\":\"en-US\"}]}<\/script>\n<!-- \/ Yoast SEO plugin. -->","yoast_head_json":{"title":"Cuota de afiliaci\u00f3n a GEMEON | Medicina Est\u00e9tica Oncol\u00f3gica","description":"Puedes abonar mediante Paypal o tarjeta de cr\u00e9dito tu Cuota de afiliaci\u00f3n a GEMEON. Recuerda que debes tener el aval de dos miembros de la asociaci\u00f3n.","robots":{"index":"index","follow":"follow","max-snippet":"max-snippet:-1","max-image-preview":"max-image-preview:large","max-video-preview":"max-video-preview:-1"},"canonical":"https:\/\/gemeon.org\/producto\/cuota-de-afiliacion-a-gemeon\/","og_locale":"en_US","og_type":"article","og_title":"Cuota de afiliaci\u00f3n a GEMEON | Medicina Est\u00e9tica Oncol\u00f3gica","og_description":"Puedes abonar mediante Paypal o tarjeta de cr\u00e9dito tu Cuota de afiliaci\u00f3n a GEMEON. Recuerda que debes tener el aval de dos miembros de la asociaci\u00f3n.","og_url":"https:\/\/gemeon.org\/producto\/cuota-de-afiliacion-a-gemeon\/","og_site_name":"GEMEON","article_modified_time":"2025-07-18T08:56:57+00:00","og_image":[{"width":800,"height":800,"url":"https:\/\/gemeon.org\/wp-content\/uploads\/2025\/07\/Cuota-de-afiliacion-a-GEMEON.png","type":"image\/png"}],"twitter_card":"summary_large_image","twitter_misc":{"Est. reading time":"1 minute"},"schema":{"@context":"https:\/\/schema.org","@graph":[{"@type":"WebPage","@id":"https:\/\/gemeon.org\/producto\/cuota-de-afiliacion-a-gemeon\/","url":"https:\/\/gemeon.org\/producto\/cuota-de-afiliacion-a-gemeon\/","name":"Cuota de afiliaci\u00f3n a GEMEON | Medicina Est\u00e9tica Oncol\u00f3gica","isPartOf":{"@id":"https:\/\/gemeon.org\/#website"},"primaryImageOfPage":{"@id":"https:\/\/gemeon.org\/producto\/cuota-de-afiliacion-a-gemeon\/#primaryimage"},"image":{"@id":"https:\/\/gemeon.org\/producto\/cuota-de-afiliacion-a-gemeon\/#primaryimage"},"thumbnailUrl":"https:\/\/gemeon.org\/wp-content\/uploads\/2025\/07\/Cuota-de-afiliacion-a-GEMEON.png","datePublished":"2025-07-18T08:52:31+00:00","dateModified":"2025-07-18T08:56:57+00:00","description":"Puedes abonar mediante Paypal o tarjeta de cr\u00e9dito tu Cuota de afiliaci\u00f3n a GEMEON. Recuerda que debes tener el aval de dos miembros de la asociaci\u00f3n.","breadcrumb":{"@id":"https:\/\/gemeon.org\/producto\/cuota-de-afiliacion-a-gemeon\/#breadcrumb"},"inLanguage":"en-US","potentialAction":[{"@type":"ReadAction","target":["https:\/\/gemeon.org\/producto\/cuota-de-afiliacion-a-gemeon\/"]}]},{"@type":"ImageObject","inLanguage":"en-US","@id":"https:\/\/gemeon.org\/producto\/cuota-de-afiliacion-a-gemeon\/#primaryimage","url":"https:\/\/gemeon.org\/wp-content\/uploads\/2025\/07\/Cuota-de-afiliacion-a-GEMEON.png","contentUrl":"https:\/\/gemeon.org\/wp-content\/uploads\/2025\/07\/Cuota-de-afiliacion-a-GEMEON.png","width":800,"height":800,"caption":"Cuota de afiliaci\u00f3n a GEMEON"},{"@type":"BreadcrumbList","@id":"https:\/\/gemeon.org\/producto\/cuota-de-afiliacion-a-gemeon\/#breadcrumb","itemListElement":[{"@type":"ListItem","position":1,"name":"Portada","item":"https:\/\/gemeon.org\/"},{"@type":"ListItem","position":2,"name":"Tienda online","item":"https:\/\/gemeon.org\/tienda-online\/"},{"@type":"ListItem","position":3,"name":"Cuota de afiliaci\u00f3n a GEMEON"}]},{"@type":"WebSite","@id":"https:\/\/gemeon.org\/#website","url":"https:\/\/gemeon.org\/","name":"GEMEON","description":"Grupo Experto en Medicina Est\u00e9tica Oncol\u00f3gica","potentialAction":[{"@type":"SearchAction","target":{"@type":"EntryPoint","urlTemplate":"https:\/\/gemeon.org\/?s={search_term_string}"},"query-input":{"@type":"PropertyValueSpecification","valueRequired":true,"valueName":"search_term_string"}}],"inLanguage":"en-US"}]}},"_links":{"self":[{"href":"https:\/\/gemeon.org\/en\/wp-json\/wp\/v2\/product\/5328","targetHints":{"allow":["GET"]}}],"collection":[{"href":"https:\/\/gemeon.org\/en\/wp-json\/wp\/v2\/product"}],"about":[{"href":"https:\/\/gemeon.org\/en\/wp-json\/wp\/v2\/types\/product"}],"replies":[{"embeddable":true,"href":"https:\/\/gemeon.org\/en\/wp-json\/wp\/v2\/comments?post=5328"}],"wp:featuredmedia":[{"embeddable":true,"href":"https:\/\/gemeon.org\/en\/wp-json\/wp\/v2\/media\/5332"}],"wp:attachment":[{"href":"https:\/\/gemeon.org\/en\/wp-json\/wp\/v2\/media?parent=5328"}],"wp:term":[{"taxonomy":"product_brand","embeddable":true,"href":"https:\/\/gemeon.org\/en\/wp-json\/wp\/v2\/product_brand?post=5328"},{"taxonomy":"product_cat","embeddable":true,"href":"https:\/\/gemeon.org\/en\/wp-json\/wp\/v2\/product_cat?post=5328"},{"taxonomy":"product_tag","embeddable":true,"href":"https:\/\/gemeon.org\/en\/wp-json\/wp\/v2\/product_tag?post=5328"}],"curies":[{"name":"wp","href":"https:\/\/api.w.org\/{rel}","templated":true}]}}