{"id":5358,"date":"2025-11-26T10:51:58","date_gmt":"2025-11-26T10:51:58","guid":{"rendered":"https:\/\/gemeon.org\/?post_type=product&#038;p=5358"},"modified":"2026-01-07T17:58:13","modified_gmt":"2026-01-07T17:58:13","slug":"i-curso-gemeon","status":"publish","type":"product","link":"https:\/\/gemeon.org\/en\/producto\/i-curso-gemeon\/","title":{"rendered":"I Curso GEMEON"},"content":{"rendered":"<h2 data-start=\"622\" data-end=\"803\">I Curso GEMEON<\/h2>\n<p data-start=\"622\" data-end=\"803\">Inscripci\u00f3n al I Curso GEMEON &#8220;Medicina Est\u00e9tica, Oncolog\u00eda y Farmacia Cl\u00ednica en el Paciente Oncol\u00f3gico&#8221;<\/p>\n<p data-start=\"805\" data-end=\"1007\"><strong data-start=\"805\" data-end=\"834\">Informaci\u00f3n:<\/strong><\/p>\n<p data-start=\"805\" data-end=\"1007\">\u2714\ufe0f S\u00e1bado 18 de Abril 2026<\/p>\n<p data-start=\"805\" data-end=\"1007\">\u2714\ufe0f 09:30h \u2013 18:30 h<\/p>\n<p data-start=\"805\" data-end=\"1007\">\u2714\ufe0f Colegio de M\u00e9dicos de Madrid (Calle Santa Isabel, 51)<\/p>\n<p data-start=\"1009\" data-end=\"1157\">Una vez rellenado el formulario, podr\u00e1s abonar tu <strong>cuota de inscripci\u00f3n<\/strong>\u00a0a trav\u00e9s de esta plataforma, con total comodidad mediante <strong data-start=\"1127\" data-end=\"1156\">tarjeta bancaria o PayPal<\/strong>.<\/p>\n<p data-start=\"1159\" data-end=\"1330\">Puedes encontrar toda la informaci\u00f3n detallada y el formulario de inscripci\u00f3n aqu\u00ed: <a class=\"\" href=\"https:\/\/gemeon.org\/i-curso-gemeon\/\" target=\"_new\" rel=\"noopener\" data-start=\"1260\" data-end=\"1330\">https:\/\/gemeon.org\/i-curso-gemeon\/<\/a><\/p>\n","protected":false},"excerpt":{"rendered":"<p>Para inscribirte en el I curso GEMEON es imprescindible ser m\u00e9dico est\u00e9tico, oncol\u00f3logo, dermat\u00f3logo, ginec\u00f3logo, internista y otras \u00e1reas afines.<\/p>\n<p>Si eres miembro de GEMEON, la inscripci\u00f3n es gratuita. Puedes rellenar el formulario <strong><a href=\"https:\/\/gemeon.org\/i-curso-gemeon\/\">pinchando aqu\u00ed<\/a><\/strong>.<\/p>\n","protected":false},"featured_media":5361,"comment_status":"closed","ping_status":"closed","template":"","meta":[],"product_brand":[],"product_cat":[260],"product_tag":[],"class_list":{"0":"post-5358","1":"product","2":"type-product","3":"status-publish","4":"has-post-thumbnail","6":"product_cat-cursos","8":"first","9":"instock","10":"shipping-taxable","11":"purchasable","12":"product-type-simple"},"yoast_head":"<!-- This site is optimized with the Yoast SEO plugin v27.3 - https:\/\/yoast.com\/product\/yoast-seo-wordpress\/ -->\n<title>Inscripci\u00f3n I curso GEMEON | Medicina Est\u00e9tica Oncol\u00f3gica<\/title>\n<meta name=\"description\" content=\"Puedes abonar mediante Paypal o tarjeta de cr\u00e9dito tu Inscripci\u00f3n I curso GEMEON, que se celebrar\u00e1 el 18 de Abril en el Colegio de M\u00e9dicos de Madrid.\" \/>\n<meta name=\"robots\" content=\"index, follow, max-snippet:-1, max-image-preview:large, max-video-preview:-1\" \/>\n<link rel=\"canonical\" href=\"https:\/\/gemeon.org\/producto\/i-curso-gemeon\/\" \/>\n<meta property=\"og:locale\" content=\"en_US\" \/>\n<meta property=\"og:type\" content=\"article\" \/>\n<meta property=\"og:title\" content=\"Inscripci\u00f3n I curso GEMEON | Medicina Est\u00e9tica Oncol\u00f3gica\" \/>\n<meta property=\"og:description\" content=\"Puedes abonar mediante Paypal o tarjeta de cr\u00e9dito tu Inscripci\u00f3n I curso GEMEON, que se celebrar\u00e1 el 18 de Abril en el Colegio de M\u00e9dicos de Madrid.\" \/>\n<meta property=\"og:url\" content=\"https:\/\/gemeon.org\/producto\/i-curso-gemeon\/\" \/>\n<meta property=\"og:site_name\" content=\"GEMEON\" \/>\n<meta property=\"article:modified_time\" content=\"2026-01-07T17:58:13+00:00\" \/>\n<meta property=\"og:image\" content=\"https:\/\/gemeon.org\/wp-content\/uploads\/2025\/11\/Inscripcion-I-curso-GEMEON.jpg\" \/>\n\t<meta property=\"og:image:width\" content=\"1080\" \/>\n\t<meta property=\"og:image:height\" content=\"1080\" \/>\n\t<meta property=\"og:image:type\" content=\"image\/jpeg\" \/>\n<meta name=\"twitter:card\" content=\"summary_large_image\" \/>\n<meta name=\"twitter:title\" content=\"Inscripci\u00f3n I curso GEMEON | Medicina Est\u00e9tica Oncol\u00f3gica\" \/>\n<meta name=\"twitter:description\" content=\"Puedes abonar mediante Paypal o tarjeta de cr\u00e9dito tu Inscripci\u00f3n I curso GEMEON, que se celebrar\u00e1 el 18 de Abril en el Colegio de M\u00e9dicos de Madrid.\" \/>\n<meta name=\"twitter:label1\" content=\"Est. reading time\" \/>\n\t<meta name=\"twitter:data1\" content=\"1 minute\" \/>\n<script type=\"application\/ld+json\" class=\"yoast-schema-graph\">{\"@context\":\"https:\\\/\\\/schema.org\",\"@graph\":[{\"@type\":\"WebPage\",\"@id\":\"https:\\\/\\\/gemeon.org\\\/producto\\\/i-curso-gemeon\\\/\",\"url\":\"https:\\\/\\\/gemeon.org\\\/producto\\\/i-curso-gemeon\\\/\",\"name\":\"Inscripci\u00f3n I curso GEMEON | Medicina Est\u00e9tica Oncol\u00f3gica\",\"isPartOf\":{\"@id\":\"https:\\\/\\\/gemeon.org\\\/#website\"},\"primaryImageOfPage\":{\"@id\":\"https:\\\/\\\/gemeon.org\\\/producto\\\/i-curso-gemeon\\\/#primaryimage\"},\"image\":{\"@id\":\"https:\\\/\\\/gemeon.org\\\/producto\\\/i-curso-gemeon\\\/#primaryimage\"},\"thumbnailUrl\":\"https:\\\/\\\/gemeon.org\\\/wp-content\\\/uploads\\\/2025\\\/11\\\/Inscripcion-I-curso-GEMEON.jpg\",\"datePublished\":\"2025-11-26T10:51:58+00:00\",\"dateModified\":\"2026-01-07T17:58:13+00:00\",\"description\":\"Puedes abonar mediante Paypal o tarjeta de cr\u00e9dito tu Inscripci\u00f3n I curso GEMEON, que se celebrar\u00e1 el 18 de Abril en el Colegio de M\u00e9dicos de Madrid.\",\"breadcrumb\":{\"@id\":\"https:\\\/\\\/gemeon.org\\\/producto\\\/i-curso-gemeon\\\/#breadcrumb\"},\"inLanguage\":\"en-US\",\"potentialAction\":[{\"@type\":\"ReadAction\",\"target\":[\"https:\\\/\\\/gemeon.org\\\/producto\\\/i-curso-gemeon\\\/\"]}]},{\"@type\":\"ImageObject\",\"inLanguage\":\"en-US\",\"@id\":\"https:\\\/\\\/gemeon.org\\\/producto\\\/i-curso-gemeon\\\/#primaryimage\",\"url\":\"https:\\\/\\\/gemeon.org\\\/wp-content\\\/uploads\\\/2025\\\/11\\\/Inscripcion-I-curso-GEMEON.jpg\",\"contentUrl\":\"https:\\\/\\\/gemeon.org\\\/wp-content\\\/uploads\\\/2025\\\/11\\\/Inscripcion-I-curso-GEMEON.jpg\",\"width\":1080,\"height\":1080,\"caption\":\"Inscripcion I curso GEMEON\"},{\"@type\":\"BreadcrumbList\",\"@id\":\"https:\\\/\\\/gemeon.org\\\/producto\\\/i-curso-gemeon\\\/#breadcrumb\",\"itemListElement\":[{\"@type\":\"ListItem\",\"position\":1,\"name\":\"Portada\",\"item\":\"https:\\\/\\\/gemeon.org\\\/\"},{\"@type\":\"ListItem\",\"position\":2,\"name\":\"Tienda online\",\"item\":\"https:\\\/\\\/gemeon.org\\\/tienda-online\\\/\"},{\"@type\":\"ListItem\",\"position\":3,\"name\":\"I Curso GEMEON\"}]},{\"@type\":\"WebSite\",\"@id\":\"https:\\\/\\\/gemeon.org\\\/#website\",\"url\":\"https:\\\/\\\/gemeon.org\\\/\",\"name\":\"GEMEON\",\"description\":\"Grupo Experto en Medicina Est\u00e9tica Oncol\u00f3gica\",\"potentialAction\":[{\"@type\":\"SearchAction\",\"target\":{\"@type\":\"EntryPoint\",\"urlTemplate\":\"https:\\\/\\\/gemeon.org\\\/?s={search_term_string}\"},\"query-input\":{\"@type\":\"PropertyValueSpecification\",\"valueRequired\":true,\"valueName\":\"search_term_string\"}}],\"inLanguage\":\"en-US\"}]}<\/script>\n<!-- \/ Yoast SEO plugin. -->","yoast_head_json":{"title":"Inscripci\u00f3n I curso GEMEON | Medicina Est\u00e9tica Oncol\u00f3gica","description":"Puedes abonar mediante Paypal o tarjeta de cr\u00e9dito tu Inscripci\u00f3n I curso GEMEON, que se celebrar\u00e1 el 18 de Abril en el Colegio de M\u00e9dicos de Madrid.","robots":{"index":"index","follow":"follow","max-snippet":"max-snippet:-1","max-image-preview":"max-image-preview:large","max-video-preview":"max-video-preview:-1"},"canonical":"https:\/\/gemeon.org\/producto\/i-curso-gemeon\/","og_locale":"en_US","og_type":"article","og_title":"Inscripci\u00f3n I curso GEMEON | Medicina Est\u00e9tica Oncol\u00f3gica","og_description":"Puedes abonar mediante Paypal o tarjeta de cr\u00e9dito tu Inscripci\u00f3n I curso GEMEON, que se celebrar\u00e1 el 18 de Abril en el Colegio de M\u00e9dicos de Madrid.","og_url":"https:\/\/gemeon.org\/producto\/i-curso-gemeon\/","og_site_name":"GEMEON","article_modified_time":"2026-01-07T17:58:13+00:00","og_image":[{"width":1080,"height":1080,"url":"https:\/\/gemeon.org\/wp-content\/uploads\/2025\/11\/Inscripcion-I-curso-GEMEON.jpg","type":"image\/jpeg"}],"twitter_card":"summary_large_image","twitter_title":"Inscripci\u00f3n I curso GEMEON | Medicina Est\u00e9tica Oncol\u00f3gica","twitter_description":"Puedes abonar mediante Paypal o tarjeta de cr\u00e9dito tu Inscripci\u00f3n I curso GEMEON, que se celebrar\u00e1 el 18 de Abril en el Colegio de M\u00e9dicos de Madrid.","twitter_misc":{"Est. reading time":"1 minute"},"schema":{"@context":"https:\/\/schema.org","@graph":[{"@type":"WebPage","@id":"https:\/\/gemeon.org\/producto\/i-curso-gemeon\/","url":"https:\/\/gemeon.org\/producto\/i-curso-gemeon\/","name":"Inscripci\u00f3n I curso GEMEON | Medicina Est\u00e9tica Oncol\u00f3gica","isPartOf":{"@id":"https:\/\/gemeon.org\/#website"},"primaryImageOfPage":{"@id":"https:\/\/gemeon.org\/producto\/i-curso-gemeon\/#primaryimage"},"image":{"@id":"https:\/\/gemeon.org\/producto\/i-curso-gemeon\/#primaryimage"},"thumbnailUrl":"https:\/\/gemeon.org\/wp-content\/uploads\/2025\/11\/Inscripcion-I-curso-GEMEON.jpg","datePublished":"2025-11-26T10:51:58+00:00","dateModified":"2026-01-07T17:58:13+00:00","description":"Puedes abonar mediante Paypal o tarjeta de cr\u00e9dito tu Inscripci\u00f3n I curso GEMEON, que se celebrar\u00e1 el 18 de Abril en el Colegio de M\u00e9dicos de Madrid.","breadcrumb":{"@id":"https:\/\/gemeon.org\/producto\/i-curso-gemeon\/#breadcrumb"},"inLanguage":"en-US","potentialAction":[{"@type":"ReadAction","target":["https:\/\/gemeon.org\/producto\/i-curso-gemeon\/"]}]},{"@type":"ImageObject","inLanguage":"en-US","@id":"https:\/\/gemeon.org\/producto\/i-curso-gemeon\/#primaryimage","url":"https:\/\/gemeon.org\/wp-content\/uploads\/2025\/11\/Inscripcion-I-curso-GEMEON.jpg","contentUrl":"https:\/\/gemeon.org\/wp-content\/uploads\/2025\/11\/Inscripcion-I-curso-GEMEON.jpg","width":1080,"height":1080,"caption":"Inscripcion I curso GEMEON"},{"@type":"BreadcrumbList","@id":"https:\/\/gemeon.org\/producto\/i-curso-gemeon\/#breadcrumb","itemListElement":[{"@type":"ListItem","position":1,"name":"Portada","item":"https:\/\/gemeon.org\/"},{"@type":"ListItem","position":2,"name":"Tienda online","item":"https:\/\/gemeon.org\/tienda-online\/"},{"@type":"ListItem","position":3,"name":"I Curso GEMEON"}]},{"@type":"WebSite","@id":"https:\/\/gemeon.org\/#website","url":"https:\/\/gemeon.org\/","name":"GEMEON","description":"Grupo Experto en Medicina Est\u00e9tica Oncol\u00f3gica","potentialAction":[{"@type":"SearchAction","target":{"@type":"EntryPoint","urlTemplate":"https:\/\/gemeon.org\/?s={search_term_string}"},"query-input":{"@type":"PropertyValueSpecification","valueRequired":true,"valueName":"search_term_string"}}],"inLanguage":"en-US"}]}},"_links":{"self":[{"href":"https:\/\/gemeon.org\/en\/wp-json\/wp\/v2\/product\/5358","targetHints":{"allow":["GET"]}}],"collection":[{"href":"https:\/\/gemeon.org\/en\/wp-json\/wp\/v2\/product"}],"about":[{"href":"https:\/\/gemeon.org\/en\/wp-json\/wp\/v2\/types\/product"}],"replies":[{"embeddable":true,"href":"https:\/\/gemeon.org\/en\/wp-json\/wp\/v2\/comments?post=5358"}],"wp:featuredmedia":[{"embeddable":true,"href":"https:\/\/gemeon.org\/en\/wp-json\/wp\/v2\/media\/5361"}],"wp:attachment":[{"href":"https:\/\/gemeon.org\/en\/wp-json\/wp\/v2\/media?parent=5358"}],"wp:term":[{"taxonomy":"product_brand","embeddable":true,"href":"https:\/\/gemeon.org\/en\/wp-json\/wp\/v2\/product_brand?post=5358"},{"taxonomy":"product_cat","embeddable":true,"href":"https:\/\/gemeon.org\/en\/wp-json\/wp\/v2\/product_cat?post=5358"},{"taxonomy":"product_tag","embeddable":true,"href":"https:\/\/gemeon.org\/en\/wp-json\/wp\/v2\/product_tag?post=5358"}],"curies":[{"name":"wp","href":"https:\/\/api.w.org\/{rel}","templated":true}]}}